{"id":2269,"date":"2021-07-16T16:24:09","date_gmt":"2021-07-16T16:24:09","guid":{"rendered":"https:\/\/louisematte.com\/partners\/"},"modified":"2023-11-20T22:24:57","modified_gmt":"2023-11-20T22:24:57","slug":"partners","status":"publish","type":"page","link":"https:\/\/carnavaldusoleil.ca\/en\/partners\/","title":{"rendered":"Partners"},"content":{"rendered":"<p>[et_pb_section fb_built=&#8221;1&#8243; _builder_version=&#8221;4.6.6&#8243; _module_preset=&#8221;default&#8221; use_background_color_gradient=&#8221;on&#8221; background_color_gradient_start=&#8221;#25648f&#8221; background_color_gradient_end=&#8221;#25648f&#8221; da_disable_devices=&#8221;off|off|off&#8221; collapsed=&#8221;off&#8221; global_colors_info=&#8221;{}&#8221; da_is_popup=&#8221;off&#8221; da_exit_intent=&#8221;off&#8221; da_has_close=&#8221;on&#8221; da_alt_close=&#8221;off&#8221; da_dark_close=&#8221;off&#8221; da_not_modal=&#8221;on&#8221; da_is_singular=&#8221;off&#8221; da_with_loader=&#8221;off&#8221; da_has_shadow=&#8221;on&#8221;][et_pb_row _builder_version=&#8221;4.6.6&#8243; _module_preset=&#8221;default&#8221; global_colors_info=&#8221;{}&#8221;][et_pb_column type=&#8221;4_4&#8243; _builder_version=&#8221;4.6.6&#8243; _module_preset=&#8221;default&#8221; global_colors_info=&#8221;{}&#8221;][et_pb_text _builder_version=&#8221;4.6.6&#8243; _module_preset=&#8221;default&#8221; background_layout=&#8221;dark&#8221; global_colors_info=&#8221;{}&#8221;]<\/p>\n<p style=\"text-align: center;\">SUN CARNIVAL 1983-1990<\/p>\n<h2 style=\"text-align: center;\"><strong>Partners and distributors<\/strong><\/h2>\n<p>[\/et_pb_text][\/et_pb_column][\/et_pb_row][et_pb_row column_structure=&#8221;1_3,1_3,1_3&#8243; _builder_version=&#8221;4.6.6&#8243; _module_preset=&#8221;default&#8221; width=&#8221;100%&#8221; global_colors_info=&#8221;{}&#8221;][et_pb_column type=&#8221;1_3&#8243; _builder_version=&#8221;4.6.6&#8243; _module_preset=&#8221;default&#8221; global_colors_info=&#8221;{}&#8221;][et_pb_text _builder_version=&#8221;4.6.6&#8243; _module_preset=&#8221;default&#8221; background_layout=&#8221;dark&#8221; global_colors_info=&#8221;{}&#8221;]<\/p>\n<p><strong>Public partners<\/strong><\/p>\n<p>M.C.C.I. (Minist\u00e8re de communaut\u00e9s culturelles et de l&#8217;immigration)<\/p>\n<p>M.L.C.P (Minist\u00e8re des loisirs chasse et p\u00eache)<\/p>\n<p>Center de main-d&#8217;\u0153uvre du Qu\u00e9bec<\/p>\n<p>Old Port of Montr\u00e9al Corporation<\/p>\n<p>Hydro-Qu\u00e9bec<\/p>\n<p>Canada Council for the Arts \/ Exploration<\/p>\n<p>Canada Council for the Arts \/ Touring Office<\/p>\n<p>Employment and Immigration Canada<\/p>\n<p>Ministry of Cultural Affairs<\/p>\n<p>Secretary of State for Multiculturalism<\/p>\n<p>Ville de Montr\u00e9al, CIDEC, Recreation and Community Development<\/p>\n<p>City of Montreal<\/p>\n<p>City of Longueuil<\/p>\n<p>Biblioth\u00e8que nationale du Qu\u00e9bec<\/p>\n<p>Community Works Program, Government of Quebec<\/p>\n<p>Challenge 87, Challenge 88, Section 38&#8243; program Government of Canada<\/p>\n<p>A.G.A.H.M. Montreal Haitian Business Association  <\/p>\n<p>Soci\u00e9t\u00e9 St-Jean-Baptiste<\/p>\n<p>Gesture for peace<\/p>\n<p>French Union<\/p>\n<p>[\/et_pb_text][\/et_pb_column][et_pb_column type=&#8221;1_3&#8243; _builder_version=&#8221;4.6.6&#8243; _module_preset=&#8221;default&#8221; global_colors_info=&#8221;{}&#8221;][et_pb_text _builder_version=&#8221;4.6.6&#8243; _module_preset=&#8221;default&#8221; background_layout=&#8221;dark&#8221; global_colors_info=&#8221;{}&#8221;]<\/p>\n<p><strong>Private partners<\/strong><\/p>\n<p>Air Canada<\/p>\n<p>Hydro-Qu\u00e9bec<\/p>\n<p>Brasserie Molson (Grand Prix) 89-90<\/p>\n<p>Cubana Airlines<\/p>\n<p>RD Tourist Office<\/p>\n<p>Japanese Consulate<\/p>\n<p>Complexe Desjardins<\/p>\n<p>Galerie-Diaspo-art<\/p>\n<p>Caf\u00e9 Campus<\/p>\n<p>Foufounes \u00c9lectriques<\/p>\n<p>Association des commer\u00e7ants de la rue St-Denis<\/p>\n<p>Association des marchands de la rue Crescent<\/p>\n<p>Center Copie-Art and Motivation V gallery<\/p>\n<p>[\/et_pb_text][\/et_pb_column][et_pb_column type=&#8221;1_3&#8243; _builder_version=&#8221;4.6.6&#8243; _module_preset=&#8221;default&#8221; global_colors_info=&#8221;{}&#8221;][et_pb_text _builder_version=&#8221;4.10.7&#8243; _module_preset=&#8221;default&#8221; background_layout=&#8221;dark&#8221; global_colors_info=&#8221;{}&#8221;]<\/p>\n<p><strong>Diffusers<\/strong><\/p>\n<p>Radio-Canada<\/p>\n<p>CIBL live webcast<\/p>\n<p>CIEL MF<\/p>\n<p>Videotron<\/p>\n<p>Radio-Centreville<\/p>\n<p>CKMF, CJFM, CJAD, CKOI<\/p>\n<p>&nbsp;<\/p>\n<p>La Presse<\/p>\n<p>Le Devoir<\/p>\n<p>Journal de Montr\u00e9al<\/p>\n<p>St-Louis link<\/p>\n<p>Gazette<\/p>\n<p>See<\/p>\n<p>[\/et_pb_text][\/et_pb_column][\/et_pb_row][et_pb_row _builder_version=&#8221;4.6.6&#8243; _module_preset=&#8221;default&#8221; custom_padding=&#8221;||27px|||&#8221; global_colors_info=&#8221;{}&#8221; disabled_on=&#8221;on|on|on&#8221; disabled=&#8221;on&#8221;][et_pb_column type=&#8221;4_4&#8243; _builder_version=&#8221;4.6.6&#8243; _module_preset=&#8221;default&#8221; global_colors_info=&#8221;{}&#8221;][et_pb_text _builder_version=&#8221;4.6.6&#8243; _module_preset=&#8221;default&#8221; header_2_font=&#8221;|700|||||||&#8221; background_layout=&#8221;dark&#8221; global_colors_info=&#8221;{}&#8221;]<\/p>\n<p style=\"text-align: center;\">SUN CARNIVAL 1983-1990<\/p>\n<p>[\/et_pb_text][et_pb_accordion _builder_version=&#8221;4.6.6&#8243; _module_preset=&#8221;default&#8221; toggle_level=&#8221;h1&#8243; global_colors_info=&#8221;{}&#8221;][et_pb_accordion_item title=&#8221;1983 Edition&#8221; open=&#8221;on&#8221; _builder_version=&#8221;4.6.6&#8243; _module_preset=&#8221;default&#8221; global_colors_info=&#8221;{}&#8221;]<\/p>\n<p><strong><img loading=\"lazy\" src=\"https:\/\/louisematte.com\/wp-content\/uploads\/2021\/04\/apropos_1983-231x300.jpg\" width=\"231\" height=\"300\" alt=\"\" class=\"wp-image-568 alignleft size-medium\">Partners  <\/strong><\/p>\n<p>CIBL live webcast<\/p>\n<p>M.C.C.I. (Minist\u00e8re de communaut\u00e9s culturelles et de  <\/p>\n<p>immigration)<\/p>\n<p>Association des commer\u00e7ants de la rue St-Denis<\/p>\n<p>M.L.C.P (Minist\u00e8re des loisirs chasse et p\u00eache)<\/p>\n<p>Center Copie-Art and Motivation V gallery.<\/p>\n<p><strong>Poetry  <\/strong><\/p>\n<p>Opening speech with Janou St-Denis, Place aux po\u00e8tes<\/p>\n<p><strong>Dance  <\/strong><\/p>\n<p>Sonia del Rio \/Flamenco<\/p>\n<p>Lion dance and demonstration by the Chinatown Martial Arts School.<\/p>\n<p><strong><img loading=\"lazy\" src=\"https:\/\/louisematte.com\/wp-content\/uploads\/2021\/04\/apropos_1983e-300x201.jpg\" width=\"300\" height=\"201\" alt=\"\" class=\"wp-image-572 alignleft size-medium\"><\/strong><\/p>\n<p><strong>Fashion Parade<\/strong><\/p>\n<p>Boutique Elles-toiles, Cr\u00e9ations Michel Dub\u00e9 and Sergie.<\/p>\n<p>&nbsp;<\/p>\n<p>&nbsp;<\/p>\n<p>&nbsp;<\/p>\n<p>&nbsp;<\/p>\n<p><strong><img loading=\"lazy\" src=\"https:\/\/louisematte.com\/wp-content\/uploads\/2021\/04\/apropos_1983b-300x265.jpg\" width=\"300\" height=\"265\" alt=\"\" class=\"wp-image-569 alignnone size-medium\"><\/strong><\/p>\n<p><strong><img loading=\"lazy\" src=\"https:\/\/louisematte.com\/wp-content\/uploads\/2021\/04\/apropos_1983d-206x300.jpg\" width=\"206\" height=\"300\" alt=\"\" class=\"wp-image-571 alignleft size-medium\">Music  <\/strong><\/p>\n<p>UMOJHA \/ Afro-Haitian band<\/p>\n<p>Cissoko and the Batamba band \/ Senegal<\/p>\n<p>Les Chanteux \/ Qu\u00e9bec folk music<\/p>\n<p>Larry Cohen and the Comit\u00e9 de recherche et d&#8217;improvisation exp\u00e9rimentale<\/p>\n<p>Aconcagua \/ South American music<\/p>\n<p>Jacques Ph\u00e9nix and Michel Therrien\/ Indian music<\/p>\n<p>Michel S\u00e9guin &amp; Fils, West Africa<\/p>\n<p>Jab-Jab \/ reggae and soca, Trinidad<\/p>\n<p><strong><img loading=\"lazy\" src=\"https:\/\/louisematte.com\/wp-content\/uploads\/2021\/04\/apropos_1983c-300x210.jpg\" width=\"300\" height=\"210\" alt=\"\" class=\"wp-image-570 alignleft size-medium\">Animation  <\/strong><\/p>\n<p>La petite Fanfare<\/p>\n<p>Bloco Longe de la<\/p>\n<p>Public entertainers<\/p>\n<p>Ecological and ethnic information kiosks, artisan kiosks.<\/p>\n<p>[\/et_pb_accordion_item][et_pb_accordion_item title=&#8221;1984 Edition&#8221; _builder_version=&#8221;4.6.6&#8243; _module_preset=&#8221;default&#8221; global_colors_info=&#8221;{}&#8221; open=&#8221;off&#8221;]<\/p>\n<p style=\"text-align: center;\"><iframe loading=\"lazy\" src=\"https:\/\/player.vimeo.com\/video\/539818500?badge=0&amp;autopause=0&amp;player_id=0&amp;app_id=58479\" width=\"126\" height=\"132\" frameborder=\"0\" allow=\"autoplay; fullscreen; picture-in-picture\" allowfullscreen=\"\" title=\"Symposium international de sculpture Mati\u00e8re \u00e0 Mus\u00e9e_360p.mp4\"><\/iframe><\/p>\n<div style=\"position: relative;\"><iframe src=\"https:\/\/player.vimeo.com\/video\/533533793?badge=0&amp;autopause=0&amp;player_id=0&amp;app_id=58479\" frameborder=\"0\" allow=\"autoplay; fullscreen; picture-in-picture\" allowfullscreen=\"\" style=\"position: absolute; top: 0; left: 0; width: 100%; height: 100%;\" title=\"JACQUES_ARCANE12_YOUTUBE\"><\/iframe><\/div>\n<p>\n<script src=\"https:\/\/player.vimeo.com\/api\/player.js\"><\/script>\n<\/p>\n<p><strong>Partnerships and grants  <\/strong><\/p>\n<p>Ministry of Cultural Communities and Immigration<\/p>\n<p>Center de main-d&#8217;\u0153uvre du Qu\u00e9bec<\/p>\n<p>Old Port of Montr\u00e9al Corporation<\/p>\n<p>Hydro-Qu\u00e9bec<\/p>\n<p><strong><img loading=\"lazy\" src=\"https:\/\/louisematte.com\/wp-content\/uploads\/2021\/04\/apropos_1984-230x300.jpg\" width=\"230\" height=\"300\" alt=\"\" class=\"wp-image-573 alignleft size-medium\">Visual arts  <\/strong><\/p>\n<p>P.D.G (Pedneaut Desautels, Gaudreau) Live painting<\/p>\n<p>Workshops: Pierre-Yves Angers, Fran\u00e7ois Joly, Jean Gr\u00e9goire, Coop Rezo Concept, Jean-Fran\u00e7ois Mokrane, C\u00e9line Blais, Jean-Fran\u00e7ois Mokrane, Guylaine D\u00e9ry.<\/p>\n<p>Cocteau poetic performance: Jean-Pierre Gagnon, Charles Tremblay, make-up artist, Yves Auclair.<\/p>\n<p>Performance Arcane 12: Conception Jacques Charbonneau, Suzanne Verdal, dance, Kalhil.<\/p>\n<p>Electro-acoustic unit, Probe<\/p>\n<p>Shakespearean performance by Serges Lessard<\/p>\n<p>Armand Vaillancourt<\/p>\n<p>Claude-Paul Gauthier<\/p>\n<p><strong>Music  <\/strong><\/p>\n<p>Ultima Hora, Brazilian music<\/p>\n<p>Bakano<\/p>\n<p>Sol de America<\/p>\n<p>Umojha, Afro-Haitian songs and rhythms<\/p>\n<p>Buzz, Big band compas<\/p>\n<p>J.R. Express<\/p>\n<p>Larry Cohen<\/p>\n<p>[\/et_pb_accordion_item][et_pb_accordion_item title=&#8221;1985 edition&#8221; _builder_version=&#8221;4.6.6&#8243; _module_preset=&#8221;default&#8221; global_colors_info=&#8221;{}&#8221; open=&#8221;off&#8221;]<\/p>\n<p><strong><img loading=\"lazy\" src=\"https:\/\/louisematte.com\/wp-content\/uploads\/2021\/04\/apropos_1985b-199x300.jpg\" width=\"199\" height=\"300\" alt=\"\" class=\"wp-image-575 alignleft size-medium\">Distribution partners<\/strong><\/p>\n<p>Canada Council for the Arts, Exploration Section<\/p>\n<p>Ministry of Cultural Affairs<\/p>\n<p>M.C.C.I. Ministry of Cultural Communities and Immigration<\/p>\n<p>CIBL<\/p>\n<p>City of Montreal<\/p>\n<p>Biblioth\u00e8que nationale du Qu\u00e9bec<\/p>\n<p>Air Canada<\/p>\n<p>Association des marchands de la rue St-Denis<\/p>\n<p>Galerie-Diaspo-art<\/p>\n<p><strong>Visual arts :<\/strong><\/p>\n<p>Installations-Interventions :<\/p>\n<p>Robert Desch\u00eanes, pictorial performance on an overturned tank<\/p>\n<p>Claude-Paul Gauthier, performance-concert Carillon pour clocher-monument (UQAM bell tower)<\/p>\n<p>Robert Gervais &#8220;Soleil-solidarit\u00e9<\/p>\n<p>Diane Robertson, Beaulieu,<\/p>\n<p>P.D.G.\/ Live painting and marathon<\/p>\n<p>Jean-Pierre Gagnon \/ Sound and visual installation<\/p>\n<p>Armand Vaillancourt, orchestrating spontaneous masterpieces<\/p>\n<p>Vava V\u00f6l, Charles Tremblay.<\/p>\n<p>Contemporary music and poetry<\/p>\n<p>Genevi\u00e8ve Letarte &#8220;Siren \/ Snake \/ Zulu<\/p>\n<p>Bi-Clan and his All Sun band<\/p>\n<p>Claude Hamel &#8220;Venus Urbano<\/p>\n<p>Janou St-Denis<\/p>\n<p>Poetry and music from the Haitian community<\/p>\n<p>African fashion parade organized by \u00c9lizabeth Houndegla<\/p>\n<p><strong>Music<\/strong><\/p>\n<p>Tchukon, funk<\/p>\n<p>Six Below Zero, reggae<\/p>\n<p>Denis Fr\u00e9chette Latin band (Carnaval du soleil theme)<\/p>\n<p>Salahuddyn, calypso<\/p>\n<p>Kilimandjaro, Zairean music<\/p>\n<p>Daniel Wilson, blues<\/p>\n<p>Umojha, Afro-Haitian<\/p>\n<p>JR Express, reggae<\/p>\n<p>Traditional music from Mauritius<\/p>\n<p>Chinese community, lion dance<\/p>\n<p>Dattatreya, Renaissance<\/p>\n<p>Ultima Hora, Brazilian samba<\/p>\n<p>El Clan latino, Colombian salsa<\/p>\n<p>Aganman, Haitian rhythms<\/p>\n<p>Summer dancers, break dancing<\/p>\n<p>Oreilla and Viva Mexico, Mexican music<\/p>\n<p>Sambalance, Brazilian batucada<\/p>\n<p>Artisan booths, children&#8217;s drawing workshops, street entertainers, Videorama at Diaspo-Art gallery<\/p>\n<p>[\/et_pb_accordion_item][et_pb_accordion_item title=&#8221;1986 Edition&#8221; _builder_version=&#8221;4.6.6&#8243; _module_preset=&#8221;default&#8221; global_colors_info=&#8221;{}&#8221; open=&#8221;off&#8221;]<\/p>\n<p><strong><img loading=\"lazy\" src=\"https:\/\/louisematte.com\/wp-content\/uploads\/2021\/04\/apropos_1986-165x300.jpg\" width=\"165\" height=\"300\" alt=\"\" class=\"wp-image-576 alignleft size-medium\">Partners and subsidies<\/strong><\/p>\n<p>Ministry of Cultural Affairs<\/p>\n<p>Arts Council<\/p>\n<p>City of Longueuil<\/p>\n<p>Ciel MF<\/p>\n<p>Videotron<\/p>\n<p>Bermuda danse actuelle event<\/p>\n<p>Works by Massimo Agostinelli, dancer and choreographer: &#8220;Midly Scheming&#8221;, &#8220;Last Call&#8221; and &#8220;Anima-Animus&#8221;.<\/p>\n<p>Works by H\u00e9l\u00e8ne Backburn, &#8220;Apr\u00e8s les anges&#8221; choreographer<\/p>\n<p>Direction Dani\u00e8le Desnoyers &#8220;Des h\u00e9ros d\u00e9saffect\u00e9s&#8221; and Annie Dr\u00e9au &#8220;Ouverture Bermuda<\/p>\n<p>Pierre-Paul Savoie and Jeff Hall &#8220;Duodenum<\/p>\n<p><strong>Dance of the origins<\/strong><\/p>\n<p>Lokol\u00e9 \/ Traditional Congolese song and dance with the Moutoukoulou brothers and dancer Zab Maboungou<\/p>\n<p>Bharata Natyam \/ Classical Indian dance<\/p>\n<p><strong>Performance and installation<\/strong><\/p>\n<p>R\u00e9gis Pelletier \/ Pyramide<\/p>\n<p>Jacques Charbonneau \/performance-installation<\/p>\n<p>Pierre P\u00e9pin\/ installation<\/p>\n<p>Bruno Lefevre and Ben 97 \/ performance<\/p>\n<p>Cellophane s&#8217;emballe \/ theatrical performance<\/p>\n<p>Monty Cantsin<\/p>\n<p>Painting in action and auction at the National Library<\/p>\n<p><strong>Music<\/strong><\/p>\n<p>Karavan, calypso<\/p>\n<p>Latin clan \/ Colombian salsa<\/p>\n<p>$100. Reward \/ funk<\/p>\n<p>Strictly Taboo \/samba<\/p>\n<p>Patricia Pereyra<\/p>\n<p>Lorraine Klassen Connection \/ South Africa<\/p>\n<p>Fabric-pop\/ latin jazz<\/p>\n<p>Satin noir \/ modern Haitian music<\/p>\n<p>Umojha \/ Afro-Haitian<\/p>\n<p>Bakano \/ salsa<\/p>\n<p>N&#8217;Daje \/ Senegalese Afro-jazz<\/p>\n<p>Dub trio \/ reggae<\/p>\n<p>[\/et_pb_accordion_item][et_pb_accordion_item title=&#8221;1987 Edition&#8221; _builder_version=&#8221;4.6.6&#8243; _module_preset=&#8221;default&#8221; global_colors_info=&#8221;{}&#8221; open=&#8221;off&#8221;]<\/p>\n<p><strong><img loading=\"lazy\" src=\"https:\/\/louisematte.com\/wp-content\/uploads\/2020\/09\/fresque_paul_gregoire-208x300.png\" width=\"208\" height=\"300\" alt=\"\" class=\"wp-image-33 alignleft size-medium\" srcset=\"https:\/\/carnavaldusoleil.ca\/wp-content\/uploads\/2020\/09\/fresque_paul_gregoire-208x300.png 208w, https:\/\/carnavaldusoleil.ca\/wp-content\/uploads\/2020\/09\/fresque_paul_gregoire.png 300w\" sizes=\"(max-width: 208px) 100vw, 208px\" \/>Partners, presenters and sponsors<\/strong><\/p>\n<p>Community Works Program, Government of Quebec<\/p>\n<p>Government of Canada &#8220;Challenge 87&#8221; program<\/p>\n<p>A.G.A.H.M. Montreal Haitian Business Association<\/p>\n<p>Soci\u00e9t\u00e9 St-Jean-Baptiste<\/p>\n<p>MCCI Ministry of Cultural Communities and Immigration<\/p>\n<p>CIBL FM<\/p>\n<p><strong>Visual Arts<\/strong><\/p>\n<p>Live painting: Zilon, Gilles Boivert, Frank Chatel, DSK, Robert Daigneault, JP Gagnon, Paul Gr\u00e9goire, Manon Pelletier and Ang\u00e9line Tremblay.<\/p>\n<p>Auction of these works and those of Armand Vaillancourt, Serge Lemoyne and Pierre-Yves Angers.<\/p>\n<p>Performance-Installation<\/p>\n<p>Jean Houde and H\u00e9l\u00e8ne Bley &#8220;Trap\u00e8ze-show<\/p>\n<p>Armand Vaillancourt, Paul Gr\u00e9goire, Claude Lamarche, Pierre Leblanc<\/p>\n<p><strong>Music<\/strong><\/p>\n<p>Lokol\u00e9, traditional Congolese ballet<\/p>\n<p>Bayembi, Congolese afro-modern music<\/p>\n<p>Salahuddyn \/ steelldrum Trinidad<\/p>\n<p>Kali and Dub \/ reggae<\/p>\n<p>Julien Reiher Umojha, percussionist Haiti<\/p>\n<p>Jab-Jab \/ Soca<\/p>\n<p>Boubacar Diabat\u00e9 griot \/ kora, African harp, Mali<\/p>\n<p>Ultima hora \/ Brazilian music<\/p>\n<p>Cobra du Mandingue \/ Ivory Coast<\/p>\n<p>Keba \/ Cuban salsa<\/p>\n<p>Roro from Haiti<\/p>\n<p>Karen Young and the Young Latins \/ Latin jazz<\/p>\n<p>Yaya Diallo \/ percussionist Mali<\/p>\n<p>Max Dor\u00e7ain \/ guitarist Haiti<\/p>\n<p>Bakano \/ salsa<\/p>\n<p>Bloco Longe de la \/ Batucada<\/p>\n<p>[\/et_pb_accordion_item][et_pb_accordion_item title=&#8221;1988 Edition&#8221; _builder_version=&#8221;4.6.6&#8243; _module_preset=&#8221;default&#8221; global_colors_info=&#8221;{}&#8221; open=&#8221;off&#8221;]<\/p>\n<p>June 23-25, 1988<\/p>\n<p><strong>Partners and sponsors<\/strong><\/p>\n<p>Secretary of State for Multiculturalism<\/p>\n<p>Canada Council for the Arts, Touring Office<\/p>\n<p>Employment and Immigration<\/p>\n<p>Employment programs, D\u00e9fi 88 and Article 38<\/p>\n<p>Ministry of Cultural Affairs<\/p>\n<p>Ministry of Fishing and Hunting<\/p>\n<p>Ville de Montr\u00e9al, CIDEC, Recreation and Community Development<\/p>\n<p>CIBL FM radio<\/p>\n<p>Radio-Centreville<\/p>\n<p>Caf\u00e9 Campus<\/p>\n<p>Foufounes \u00c9lectriques<\/p>\n<p>Japanese Consulate<\/p>\n<p>Gesture for peace<\/p>\n<p>French Union<\/p>\n<p><strong>Music<\/strong><\/p>\n<p>Lorraine Klassen Connection \/ South Africa<\/p>\n<p>Katari Taiko \/ Japanese Taiko<\/p>\n<p>Sp\u00e9cial St-Jean \/ Ga\u00e9tane Breton-Cyr<\/p>\n<p>Anoosh \/ Middle Eastern funk-rock<\/p>\n<p>Barbara Reney \/ Gospel, pop and jazz<\/p>\n<p>Umojha \/ Haiti<\/p>\n<p>Atra \/ African and Brazilian rhythms and dance<\/p>\n<p>Merengue trio \/ Traditional tambora<\/p>\n<p>Jean-Fran\u00e7ois Garneau \/ French-language Brazilian music<\/p>\n<p>Pelo a Pelo \/ Samba and Bai\u00e2o<\/p>\n<p>Sons of the Desert \/ Tropical hybrid music<\/p>\n<p>Swinging relatives \/ Reggae and ska<\/p>\n<p>Chevere \/ Cumbia and Colombian salsa<\/p>\n<p>Guayaba \/ Salsa and Songo<\/p>\n<p>Combo Sublime \/ New-York style salsa<\/p>\n<p>Bakano \/ Salsa Qu\u00e9bec-Am\u00e9rique<\/p>\n<p><strong>Performance<\/strong><\/p>\n<p>Marie-Claude de Chevigny solo \/ aural and visual performance<\/p>\n<p>Patrice Jobin \/ Rap \u00e9clat\u00e9<\/p>\n<p>Les Sanscoeurs<\/p>\n<p>Jean-Fran\u00e7ois Mokrane \/ Sculptural performance<\/p>\n<p>Nathalie Derome \/ &#8220;La peau dedans&#8221; theatrical performance<\/p>\n<p>Patrice Jobin \/ Sound designer<\/p>\n<p>Les Pipi&#8217;s \/ Elastic Rock&#8217;n Roll<\/p>\n<p><strong>Contemporary dance<\/strong><\/p>\n<p>Bodies of possibilities \/ Sound dance, 3 choreographies<\/p>\n<ul>\n<li>Roland Goguen &#8211; I really dread the drop-<\/li>\n<li>Nicole Lebel &#8211; Galgal-<\/li>\n<li>Janine Stewart &#8211; No beauty without danger-<\/li>\n<\/ul>\n<p>  Brouhaha Dance<\/p>\n<p>    <strong>Live sculpture<\/strong><\/p>\n<ul>\n<li>Don Darby &#8220;Nuclear Scrap<\/li>\n<li>Serges Beaumont &#8221; Po\u00e9sie pierre &#8221; (Stone poetry)<\/li>\n<\/ul>\n<p><strong>Live painting, artisans, street entertainment and Batucada<\/strong><\/p>\n<p>[\/et_pb_accordion_item][et_pb_accordion_item title=&#8221;1989 Edition&#8221; _builder_version=&#8221;4.6.6&#8243; _module_preset=&#8221;default&#8221; global_colors_info=&#8221;{}&#8221; open=&#8221;off&#8221;]<\/p>\n<p>June 8 to 11, 1989<\/p>\n<p><strong>Sponsors and partners<\/strong><\/p>\n<p>Ministry of Cultural Affairs<\/p>\n<p>Employment and Immigration Canada<\/p>\n<p>Ville de Montr\u00e9al, Article 38 and D\u00e9fi 89<\/p>\n<p>Brasserie Molson (Grand Prix)<\/p>\n<p>CKMF, CJFM, CJAD<\/p>\n<p>Air Canada<\/p>\n<p>RD Tourist Office<\/p>\n<p><strong>Music<\/strong><\/p>\n<p>Lilison \/ Music from Guinea Bissau<\/p>\n<p>Rada and Georges Rodriguez \/ voodoo rhythms<\/p>\n<p>Yaya Diallo and Kanza \/ Mali<\/p>\n<p>Essa\u00efd Mesnaoui \/ Moroccan Gnawa<\/p>\n<p>Boubacar Diabat\u00e9 \/ Kora, African harp<\/p>\n<p>Anoosh and Raffy Niziblian \/ Middle East<\/p>\n<p>Ming Lee and the JF triangle \/ Latin-jazz<\/p>\n<p>Merlin Factor and Geraldine Hunt \/ Funk and blues<\/p>\n<p>Jim Zellers band \/ Blues<\/p>\n<p>Bob Harrison \/ Blues<\/p>\n<p>Rolling Henry \/ Blues style Chicago<\/p>\n<p>La Gran Union \/ RD Big Band<\/p>\n<p>Mascara and Vovo \/ Salsa-tribute to Pancho Sanchez<\/p>\n<p>Guayaba and Pedro \/ Salsa<\/p>\n<p>Combo Sublime and Dan Cespedes \/ New-York salsa<\/p>\n<p>Bakano and Lazaro Rene \/ Cuban salsa<\/p>\n<p>Chevere and Nelson Spinola \/ Colombian salsa<\/p>\n<p>Mango \/ Calypso<\/p>\n<p>Kali and Dub \/ Reggae and Dub<\/p>\n<p>Barbara Reney \/ Samba-jazz<\/p>\n<p>Public entertainers and Brazilian brass band<\/p>\n<p><strong>Visual arts  <\/strong><\/p>\n<p>Live painting and sculpture \/ Participation of Concordia University students<\/p>\n<p>Mati\u00e8re \u00e0 Mus\u00e9e \/ first segment, Crescent Street mini-symposium with Armand Vaillancourt, Yvanhoe Fortier, Serges Beaumont and Don Darby<\/p>\n<p>[\/et_pb_accordion_item][et_pb_accordion_item title=&#8221;1990 Edition&#8221; _builder_version=&#8221;4.6.6&#8243; _module_preset=&#8221;default&#8221; global_colors_info=&#8221;{}&#8221; open=&#8221;off&#8221;]<\/p>\n<p>May 31st and June<sup>1st<\/sup> 1990<\/p>\n<p><strong>Sponsors and partners<\/strong><\/p>\n<p>Cubana Arlines<\/p>\n<p>Brasserie Molson (Grand Prix)<\/p>\n<p>CKMF &#8211; CKOI<\/p>\n<p>Air Canada<\/p>\n<p><strong>Music<\/strong><\/p>\n<p>Sainagua and Miguel Fenton \/ Rara, palo and merengue<\/p>\n<p>Latin Fire with Joe Armando \/ Salsa, merengue and cumbia<\/p>\n<p>Jorge Fadul y su Conjunto \/ Salsa jazz<\/p>\n<p>Mascara with Miguel Zammaripa<\/p>\n<p>Queba \/ Mambo<\/p>\n<p>Kim Richardson and the Jim Hillman Quartet \/ Gospel funk<\/p>\n<p>Sylvie Perron \/ Jazz<\/p>\n<p>Al Ward and Memphis \/ Funk<\/p>\n<p>Latin Sound and Milton Cornejo \/ Salsa Peru<\/p>\n<p>Guayaba \/ Spicy salsa<\/p>\n<p>Entertainment with La Bande \u00e0 Magoo \/ Dixieland<\/p>\n<p>Combo Sublime and Dan Cespedes \/ NYC salsa<\/p>\n<p><strong>Our thanks to all those who have contributed to the success of the Carnaval du soleil over the years.<\/strong><\/p>\n<p>Jacques Charbonneau, Julien Reiher, Sylvain Girard, Jean-Marcel Cusson, Nicole Chauvin, Xavier Patroni, Sylvain Rudra Fontaine, Raymond Matte, Carole Paquin, Andr\u00e9 l&#8217;Heureux, Andr\u00e9 L&#8217;esp\u00e9rance, Thomas Fielden, Paul Gr\u00e9goire, Lefebvre\/Dufresne, Serges Gauthier, Dr Andr\u00e9 Arcelin, Andr\u00e9-Bernard Tremblay, Jasmine Morin, Pierre Martel, Fitz, Fran\u00e7ois Guinois, Sharon Hunter, H\u00e9l\u00e8ne Sabourin, Evelyne Tr\u00e9panier, Ginette Beausoleil, Raynald Tremblay, Edmond Dagher, Isabelle Gauthier, Alain Gigu\u00e8re, Claire Paquet, Anne-Marie L\u00e9ger, Sylvain Boudreau, Wais Aouled, Aidda Abdi Ali, Alain Reno. Dan Webster.<\/p>\n<p>[\/et_pb_accordion_item][\/et_pb_accordion][\/et_pb_column][\/et_pb_row][\/et_pb_section]<\/p>\n","protected":false},"excerpt":{"rendered":"<p>SUN CARNIVAL 1983-1990 Partners and distributorsPublic partners M.C.C.I. (Minist\u00e8re de communaut\u00e9s culturelles et de l&#8217;immigration) M.L.C.P (Minist\u00e8re des loisirs chasse et p\u00eache) Center de main-d&#8217;\u0153uvre du Qu\u00e9bec Old Port of Montr\u00e9al Corporation Hydro-Qu\u00e9bec Canada Council for the Arts \/ Exploration Canada Council for the Arts \/ Touring Office Employment and Immigration Canada Ministry of Cultural [&hellip;]<\/p>\n","protected":false},"author":1,"featured_media":0,"parent":0,"menu_order":0,"comment_status":"closed","ping_status":"closed","template":"","meta":{"_et_pb_use_builder":"on","_et_pb_old_content":"","_et_gb_content_width":"","om_disable_all_campaigns":false,"_monsterinsights_skip_tracking":false,"_monsterinsights_sitenote_active":false,"_monsterinsights_sitenote_note":"","_monsterinsights_sitenote_category":0},"aioseo_notices":[],"_links":{"self":[{"href":"https:\/\/carnavaldusoleil.ca\/en\/wp-json\/wp\/v2\/pages\/2269"}],"collection":[{"href":"https:\/\/carnavaldusoleil.ca\/en\/wp-json\/wp\/v2\/pages"}],"about":[{"href":"https:\/\/carnavaldusoleil.ca\/en\/wp-json\/wp\/v2\/types\/page"}],"author":[{"embeddable":true,"href":"https:\/\/carnavaldusoleil.ca\/en\/wp-json\/wp\/v2\/users\/1"}],"replies":[{"embeddable":true,"href":"https:\/\/carnavaldusoleil.ca\/en\/wp-json\/wp\/v2\/comments?post=2269"}],"version-history":[{"count":2,"href":"https:\/\/carnavaldusoleil.ca\/en\/wp-json\/wp\/v2\/pages\/2269\/revisions"}],"predecessor-version":[{"id":2271,"href":"https:\/\/carnavaldusoleil.ca\/en\/wp-json\/wp\/v2\/pages\/2269\/revisions\/2271"}],"wp:attachment":[{"href":"https:\/\/carnavaldusoleil.ca\/en\/wp-json\/wp\/v2\/media?parent=2269"}],"curies":[{"name":"wp","href":"https:\/\/api.w.org\/{rel}","templated":true}]}}